{"id":43,"date":"2021-04-23T23:25:43","date_gmt":"2021-04-23T23:25:43","guid":{"rendered":"http:\/\/ptmarquages.be\/?page_id=43"},"modified":"2022-03-01T14:26:50","modified_gmt":"2022-03-01T14:26:50","slug":"accueil","status":"publish","type":"page","link":"https:\/\/ptmarquages.be\/","title":{"rendered":"Accueil"},"content":{"rendered":"<h5>Titre<\/h5>\n<h2>Lorem ipsum Dolor amet<\/h2>\n<p>I am text block. Click edit button to change this text. Lorem ipsum dolor sit amet, consectetur adipiscing elit. Ut elit tellus, luctus nec ullamcorper mattis, pulvinar dapibus leo.<\/p>\n<p>\t\t\t<a href=\"#\" role=\"button\"><br \/>\n\t\t\t\t\t\tDecouvrir<br \/>\n\t\t\t\t\t<\/a><\/p>\n<h2>\u00c0 Propos<\/h2>\n<p>Apr\u00e8s plus d\u2019une vingtaine d\u2019ann\u00e9es d\u2019exp\u00e9rience dans le lettrage et le marquage, la soci\u00e9t\u00e9 PT Marquage d\u00e9marre en 2017.<\/p>\n<p>Nous vous proposons un service professionnelle de qualit\u00e9 dans tous les types de marquage au sol.<\/p>\n<p>Un service de lettrage et de flocage textile est \u00e9galement \u00e0 votre disposition.<\/p>\n<p>Nous vous offrons une service personnalis\u00e9 afin de r\u00e9pondre au mieux \u00e0 vos besoins.<\/p>\n<p>\t\t\t<a href=\"http:\/\/ptmarquages.be\/index.php\/a-propos\/\" role=\"button\"><br \/>\n\t\t\t\t\t\tLire plus<br \/>\n\t\t\t\t\t<\/a><br \/>\n\t\t\t\t\t\t\t\t\t\t\t\t\t\t\t<img decoding=\"async\" width=\"2560\" height=\"1920\" src=\"http:\/\/ptmarquages.be\/wp-content\/uploads\/2021\/04\/IMG_20190702_153750-scaled.jpg\" alt=\"\" loading=\"lazy\" srcset=\"http:\/\/ptmarquages.be\/wp-content\/uploads\/2021\/04\/IMG_20190702_153750-scaled.jpg 2560w, http:\/\/ptmarquages.be\/wp-content\/uploads\/2021\/04\/IMG_20190702_153750-300x225.jpg 300w, http:\/\/ptmarquages.be\/wp-content\/uploads\/2021\/04\/IMG_20190702_153750-1024x768.jpg 1024w, http:\/\/ptmarquages.be\/wp-content\/uploads\/2021\/04\/IMG_20190702_153750-768x576.jpg 768w, http:\/\/ptmarquages.be\/wp-content\/uploads\/2021\/04\/IMG_20190702_153750-1536x1152.jpg 1536w, http:\/\/ptmarquages.be\/wp-content\/uploads\/2021\/04\/IMG_20190702_153750-2048x1536.jpg 2048w\" sizes=\"auto, (max-width: 2560px) 100vw, 2560px\" \/>\t\t\t\t\t\t\t\t\t\t\t\t\t\t\t<\/p>\n<h2>Nos services<\/h2>\n<p>\t\t\t\t<a href=\"http:\/\/ptmarquages.be\/index.php\/marquage-au-sol\/\"><br \/>\n\t\t\t\t<svg xmlns=\"http:\/\/www.w3.org\/2000\/svg\" width=\"100\" height=\"97\" viewBox=\"0 0 100 97\" fill=\"none\"><path d=\"M83 6.75H17C13.5619 6.75 10.75 9.56193 10.75 13V87C10.75 90.4381 13.5619 93.25 17 93.25H83C86.4381 93.25 89.25 90.4381 89.25 87V13C89.25 9.56193 86.4381 6.75 83 6.75ZM74.75 11.25V88.75H25.25V11.25H74.75ZM15.25 87V13C15.25 12.0381 16.0381 11.25 17 11.25H20.75V88.75H17C16.0381 88.75 15.25 87.9619 15.25 87ZM84.75 87C84.75 87.9619 83.9619 88.75 83 88.75H79.25V11.25H83C83.9619 11.25 84.75 12.0381 84.75 13V87ZM47.75 19V33C47.75 34.2381 48.7619 35.25 50 35.25C51.2381 35.25 52.25 34.2381 52.25 33V19C52.25 17.7619 51.2381 16.75 50 16.75C48.7619 16.75 47.75 17.7619 47.75 19ZM47.75 43V57C47.75 58.2381 48.7619 59.25 50 59.25C51.2381 59.25 52.25 58.2381 52.25 57V43C52.25 41.7619 51.2381 40.75 50 40.75C48.7619 40.75 47.75 41.7619 47.75 43ZM47.75 67V81C47.75 82.2381 48.7619 83.25 50 83.25C51.2381 83.25 52.25 82.2381 52.25 81V67C52.25 65.7619 51.2381 64.75 50 64.75C48.7619 64.75 47.75 65.7619 47.75 67Z\" fill=\"#DD0017\" stroke=\"#DD0017\" stroke-width=\"0.5\"><\/path><\/svg>\t\t\t\t<\/a><\/p>\n<h3>\n\t\t\t\t\t<a href=\"http:\/\/ptmarquages.be\/index.php\/marquage-au-sol\/\">Marquage au sol<\/a><br \/>\n\t\t\t\t<\/h3>\n<p>Click edit button to change this text. Lorem ipsum dolor sit amet<\/p>\n<p>\t\t\t\t<a href=\"http:\/\/ptmarquages.be\/index.php\/flocage\/\"><br \/>\n\t\t\t\t<svg xmlns=\"http:\/\/www.w3.org\/2000\/svg\" width=\"85\" height=\"85\" viewBox=\"0 0 85 85\" fill=\"none\"><path d=\"M60 60V82.5C60 83.8807 58.8807 85 57.5 85H13.75C12.3693 85 11.25 83.8807 11.25 82.5V60H10C4.06848 60 0 52.5411 0 43.75C0 38.0499 1.71045 32.9098 4.53018 30C1.71045 27.0902 0 21.9501 0 16.25C0 7.45888 4.06848 0 10 0H75C80.9315 0 85 7.45888 85 16.25C85 21.9501 83.2895 27.0902 80.4698 30C83.2895 32.9098 85 38.0499 85 43.75C85 52.5411 80.9315 60 75 60H60ZM75 27.5C77.3528 27.5 80 22.6467 80 16.25C80 9.85329 77.3528 5 75 5C72.6472 5 70 9.85329 70 16.25C70 22.6467 72.6472 27.5 75 27.5ZM65 16.25C65 11.9387 65.9785 7.94784 67.6754 5H10C7.64725 5 5 9.85329 5 16.25C5 22.6467 7.64725 27.5 10 27.5H67.6754C65.9785 24.5522 65 20.5613 65 16.25ZM75 55C77.3528 55 80 50.1467 80 43.75C80 37.3533 77.3528 32.5 75 32.5C72.6472 32.5 70 37.3533 70 43.75C70 50.1467 72.6472 55 75 55ZM44.2678 58.2322L55 68.9645V43.75C55 39.4387 55.9785 35.4478 57.6754 32.5H21.25C18.8972 32.5 16.25 37.3533 16.25 43.75V67.7145L23.2322 60.7322C24.2085 59.7559 25.7915 59.7559 26.7678 60.7322L32.5 66.4645L40.7322 58.2322C41.7085 57.2559 43.2915 57.2559 44.2678 58.2322ZM65 32.5C62.6472 32.5 60 37.3533 60 43.75V55H67.6754C65.9785 52.0522 65 48.0613 65 43.75C65 39.4387 65.9785 35.4478 67.6754 32.5H65ZM10 32.5C7.64725 32.5 5 37.3533 5 43.75C5 50.1467 7.64725 55 10 55H11.25V43.75C11.25 39.4387 12.2285 35.4478 13.9254 32.5H10ZM55 80V76.0355L42.5 63.5355L30.5178 75.5178C29.5415 76.4941 27.9585 76.4941 26.9822 75.5178C26.0059 74.5415 26.0059 72.9585 26.9822 71.9822L28.9645 70L25 66.0355L16.25 74.7855V80H55ZM27.5 56.25C23.3579 56.25 20 52.8921 20 48.75C20 44.6079 23.3579 41.25 27.5 41.25C31.6421 41.25 35 44.6079 35 48.75C35 52.8921 31.6421 56.25 27.5 56.25ZM27.5 51.25C28.8807 51.25 30 50.1307 30 48.75C30 47.3693 28.8807 46.25 27.5 46.25C26.1193 46.25 25 47.3693 25 48.75C25 50.1307 26.1193 51.25 27.5 51.25Z\" fill=\"#DD0017\"><\/path><\/svg>\t\t\t\t<\/a><\/p>\n<h3>\n\t\t\t\t\t<a href=\"http:\/\/ptmarquages.be\/index.php\/flocage\/\">Flocage<\/a><br \/>\n\t\t\t\t<\/h3>\n<p>Click edit button to change this text. Lorem ipsum dolor sit amet<\/p>\n<p>\t\t\t\t<a href=\"http:\/\/ptmarquages.be\/index.php\/lettrage\/\"><br \/>\n\t\t\t\t<svg xmlns=\"http:\/\/www.w3.org\/2000\/svg\" width=\"103\" height=\"103\" viewBox=\"0 0 103 103\" fill=\"none\"><path d=\"M68.759 72.0615L68.7593 72.0614L68.7562 72.0553C68.5357 71.6142 68.257 71.2775 67.9175 71.0512C67.5774 70.8245 67.1822 70.7125 66.7355 70.7125H36.2646C35.3829 70.7125 34.4712 71.1536 34.2382 72.0683L26.7563 90.025H17.7458L46.2022 21.5583H57.2267L85.2552 90.025H76.2438L68.759 72.0615ZM63.397 59.408L63.3972 59.4079L63.3947 59.4016L53.5238 35.3683L53.5241 35.3682L53.5208 35.3615C53.3002 34.9205 53.0215 34.5837 52.6821 34.3574C52.342 34.1307 51.9467 34.0187 51.5001 34.0187C50.6183 34.0187 49.7065 34.4599 49.4736 35.3749L39.6129 59.3835C39.3845 59.6214 39.2761 59.9648 39.2761 60.3247C39.2761 60.6931 39.3892 61.0879 39.6148 61.4263C40.0676 62.1055 40.7478 62.3292 41.4146 62.3292H61.3709C62.0546 62.3292 62.7226 61.8772 63.1583 61.4415C63.3961 61.2037 63.5081 60.855 63.536 60.4933C63.5639 60.1302 63.5081 59.7413 63.397 59.408ZM92.2709 21.5583C92.9374 21.5583 93.5005 21.3357 93.8973 20.9389C94.2941 20.5421 94.5167 19.979 94.5167 19.3125C94.5167 18.646 94.2941 18.0829 93.8973 17.6861C93.5005 17.2893 92.9374 17.0667 92.2709 17.0667H10.7292C10.0628 17.0667 9.49959 17.2893 9.10279 17.6861C8.70599 18.0829 8.4834 18.646 8.4834 19.3125C8.4834 19.979 8.70599 20.5421 9.10279 20.9389C9.49959 21.3357 10.0628 21.5583 10.7292 21.5583H41.0499L31.2627 44.9625H10.7292C10.0628 44.9625 9.49959 45.1851 9.10279 45.5819C8.70599 45.9787 8.4834 46.5419 8.4834 47.2083C8.4834 47.8748 8.70599 48.438 9.10279 48.8348C9.49959 49.2316 10.0628 49.4542 10.7292 49.4542H29.6773L12.8083 90.025H10.7292C10.0628 90.025 9.49959 90.2476 9.10279 90.6444C8.70599 91.0412 8.4834 91.6044 8.4834 92.2708C8.4834 92.9373 8.70599 93.5005 9.10279 93.8973C9.49959 94.2941 10.0628 94.5167 10.7292 94.5167H92.2709C92.9374 94.5167 93.5005 94.2941 93.8973 93.8973C94.2941 93.5005 94.5167 92.9373 94.5167 92.2708C94.5167 91.6044 94.2941 91.0412 93.8973 90.6444C93.5005 90.2476 92.9374 90.025 92.2709 90.025H90.1918L73.3229 49.4542H92.2709C92.9374 49.4542 93.5005 49.2316 93.8973 48.8348C94.2941 48.438 94.5167 47.8748 94.5167 47.2083C94.5167 46.5419 94.2941 45.9787 93.8973 45.5819C93.5005 45.1851 92.9374 44.9625 92.2709 44.9625H71.5229L61.7357 21.5583H92.2709ZM65.1666 75.2042L71.3066 90.025H31.4789L37.619 75.2042H65.1666ZM10.7292 8.48334C10.0628 8.48334 9.49959 8.70593 9.10279 9.10273C8.70599 9.49953 8.4834 10.0627 8.4834 10.7292C8.4834 11.3956 8.70599 11.9588 9.10279 12.3556C9.49959 12.7524 10.0628 12.975 10.7292 12.975H92.2709C92.9374 12.975 93.5005 12.7524 93.8973 12.3556C94.2941 11.9588 94.5167 11.3956 94.5167 10.7292C94.5167 10.0627 94.2941 9.49953 93.8973 9.10273C93.5005 8.70593 92.9374 8.48334 92.2709 8.48334H10.7292ZM44.784 57.8375L51.4986 41.8903L58.0034 57.8375H44.784Z\" fill=\"#DD0017\" stroke=\"#DD0017\" stroke-width=\"0.2\"><\/path><\/svg>\t\t\t\t<\/a><\/p>\n<h3>\n\t\t\t\t\t<a href=\"http:\/\/ptmarquages.be\/index.php\/lettrage\/\">Lettrage<\/a><br \/>\n\t\t\t\t<\/h3>\n<p>Click edit button to change this text. Lorem ipsum dolor sit amet<\/p>\n<h4>T\u00e9moignages<\/h4>\n<p>\t\t\t\t\t\tI am slide content. Click edit button to change this text. Lorem ipsum dolor sit amet, consectetur adipiscing elit. Ut elit tellus, luctus nec ullamcorper mattis, pulvinar dapibus leo.<br \/>\n\t\t\t\t\t<cite>Amanda LeeCEO<\/cite><br \/>\n\t\t\t\t\t\t<img decoding=\"async\" src=\"http:\/\/ptmarquages.be\/wp-content\/uploads\/2021\/04\/ava1.png\" alt=\"Amanda Lee\"><br \/>\n\t\t\t\t\t\tI am slide content. Click edit button to change this text. Lorem ipsum dolor sit amet, consectetur adipiscing elit. Ut elit tellus, luctus nec ullamcorper mattis, pulvinar dapibus leo.<br \/>\n\t\t\t\t\t<cite>Adam CheiseDesigner<\/cite><br \/>\n\t\t\t\t\t\t<img decoding=\"async\" src=\"http:\/\/ptmarquages.be\/wp-content\/uploads\/2021\/04\/ava2.png\" alt=\"Adam Cheise\"><br \/>\n\t\t\t\t\t\tI am slide content. Click edit button to change this text. Lorem ipsum dolor sit amet, consectetur adipiscing elit. Ut elit tellus, luctus nec ullamcorper mattis, pulvinar dapibus leo.<br \/>\n\t\t\t\t\t<cite>Floyd StallerCo-Founder<\/cite><br \/>\n\t\t\t\t\t\t<img decoding=\"async\" src=\"http:\/\/ptmarquages.be\/wp-content\/uploads\/2021\/04\/ava4.png\" alt=\"Floyd Staller\"><br \/>\n\t\t\t\t\t\t\tPrevious<br \/>\n\t\t\t\t\t\t\tNext<\/p>\n<h4>Contact<\/h4>\n<h6>T\u00e9l\u00e9phone : 0476 78 88 56<br \/>\n<\/h6>\n<h6>Email : contacts@company.com<\/h6>\n<h6>Lundi &#8211; Vendredi 09:00 &#8211; 17:00, Samedi 10:00 &#8211; 14:00<\/h6>\n<p>\t\t\t\t\t<a target=\"_blank\" rel=\"noopener\"><br \/>\n\t\t\t\t\t\tFacebook<br \/>\n\t\t\t\t\t\t\t\t\t\t\t<\/a><br \/>\n\t\t\t\t\t<a target=\"_blank\" rel=\"noopener\"><br \/>\n\t\t\t\t\t\tTwitter<br \/>\n\t\t\t\t\t\t\t\t\t\t\t<\/a><br \/>\n\t\t\t\t\t<a target=\"_blank\" rel=\"noopener\"><br \/>\n\t\t\t\t\t\tGoogle-plus<br \/>\n\t\t\t\t\t\t\t\t\t\t\t<\/a><br \/>\n\t\t\t\t\t<a target=\"_blank\" rel=\"noopener\"><br \/>\n\t\t\t\t\t\tYoutube<br \/>\n\t\t\t\t\t\t\t\t\t\t\t<\/a><br \/>\n\t\t\t\t\t<a target=\"_blank\" rel=\"noopener\"><br \/>\n\t\t\t\t\t\tGithub<br \/>\n\t\t\t\t\t\t\t\t\t\t\t<\/a><br \/>\n\t\t\t\t\t\t\t\t\t\t\t\t\t\t\t<img decoding=\"async\" width=\"672\" height=\"94\" src=\"http:\/\/ptmarquages.be\/wp-content\/uploads\/2021\/04\/LOGO3.jpg\" alt=\"\" loading=\"lazy\" srcset=\"http:\/\/ptmarquages.be\/wp-content\/uploads\/2021\/04\/LOGO3.jpg 672w, http:\/\/ptmarquages.be\/wp-content\/uploads\/2021\/04\/LOGO3-300x42.jpg 300w\" sizes=\"auto, (max-width: 672px) 100vw, 672px\" \/>\t\t\t\t\t\t\t\t\t\t\t\t\t\t\t<\/p>\n<p>contact@company.com<\/p>\n<p>\u00a9 PTMARQUAGES<\/p>\n","protected":false},"excerpt":{"rendered":"<p>Titre Lorem ipsum Dolor amet I am text block. Click edit button to change this text. Lorem ipsum dolor sit amet, consectetur adipiscing elit. Ut elit tellus, luctus nec ullamcorper mattis, pulvinar dapibus leo. Decouvrir \u00c0 Propos Apr\u00e8s plus d\u2019une vingtaine d\u2019ann\u00e9es d\u2019exp\u00e9rience dans le lettrage et le marquage, la soci\u00e9t\u00e9 PT Marquage d\u00e9marre en [&hellip;]<\/p>\n","protected":false},"author":1,"featured_media":0,"parent":0,"menu_order":0,"comment_status":"closed","ping_status":"closed","template":"","meta":{"footnotes":""},"class_list":["post-43","page","type-page","status-publish","hentry"],"_links":{"self":[{"href":"https:\/\/ptmarquages.be\/index.php\/wp-json\/wp\/v2\/pages\/43","targetHints":{"allow":["GET"]}}],"collection":[{"href":"https:\/\/ptmarquages.be\/index.php\/wp-json\/wp\/v2\/pages"}],"about":[{"href":"https:\/\/ptmarquages.be\/index.php\/wp-json\/wp\/v2\/types\/page"}],"author":[{"embeddable":true,"href":"https:\/\/ptmarquages.be\/index.php\/wp-json\/wp\/v2\/users\/1"}],"replies":[{"embeddable":true,"href":"https:\/\/ptmarquages.be\/index.php\/wp-json\/wp\/v2\/comments?post=43"}],"version-history":[{"count":137,"href":"https:\/\/ptmarquages.be\/index.php\/wp-json\/wp\/v2\/pages\/43\/revisions"}],"predecessor-version":[{"id":701,"href":"https:\/\/ptmarquages.be\/index.php\/wp-json\/wp\/v2\/pages\/43\/revisions\/701"}],"wp:attachment":[{"href":"https:\/\/ptmarquages.be\/index.php\/wp-json\/wp\/v2\/media?parent=43"}],"curies":[{"name":"wp","href":"https:\/\/api.w.org\/{rel}","templated":true}]}}